{"id":220,"date":"2017-06-19T10:03:30","date_gmt":"2017-06-19T10:03:30","guid":{"rendered":"http:\/\/codeless.co\/folie\/consulting\/?page_id=5"},"modified":"2025-09-09T14:02:37","modified_gmt":"2025-09-09T12:02:37","slug":"home","status":"publish","type":"page","link":"https:\/\/b2b.esenta.de\/en\/","title":{"rendered":"Home"},"content":{"rendered":"<div id=\"cl_slider_69e0dbf0772a7\" class=\"swiper-container cl-element cl_slider cl_slider-responsive-plain\" style=\"height: 820px;margin-top: 0px;\" data-navigation-style=\"lateral\" data-pagination-style=\"round\" data-effect=\"fade\" data-direction=\"horizontal\" data-speed=\"300\" data-clautoplay=\"6500\" >\r\n    <!-- Additional required wrapper -->\r\n    <div class=\"swiper-wrapper\" >\r\n    \t<!-- Slides -->\r\n    \t<div class=\"swiper-slide cl-slide cl-slide-animation animation--none\">\n       <div id=\"cl_row_69e0dbf07753b7-62390542\" class=\"cl-row cl-element dark-text \" style=\"padding-top: 45px;padding-bottom: 45px;border-style: solid;\" ><div class=\"video-section social-video\"  data-stream=\"none\" style=\"opacity:0;\"><div class=\"cl-video-centered\"><\/div><\/div><div class=\"bg-layer \" style=\"background-image: url(https:\/\/b2b.esenta.de\/wp-content\/uploads\/2023\/03\/cropped-dino-reichmuth-ftqFUopdDs-unsplash-scaled-1.png);background-position: center bottom;background-size: cover;background-repeat: no-repeat;background-attachment: scroll;background-blend-mode: normal;\" data-delay=\"none\" data-speed=\"400\"  data-parallax-config='{ \"speed\": 0.3 }'><\/div><div class=\"overlay \" style=\"\" ><\/div><div class=\"container container-content\"><div class=\"row cl_row-sortable cl_row-fullheight cl_row-flex cl_row-cp-middle cl-col-tablet-none\">\n<div id=\"cl_column_69e0dbf077bf63-45550132\"  class=\"cl-element cl_column col-sm-12  align-h-left align-v-top effect-none dark-text\" style=\"\" data-delay=\"none\" data-speed=\"400\" >\n    \n    <div class=\"cl_col_wrapper \" style=\"padding-top: 20px;padding-bottom: 20px;border-style: solid;\" >\n    \t\n        <div class=\"bg-layer \" style=\"background-position: left top;background-repeat: no-repeat;background-size: cover;background-attachment: scroll;background-blend-mode: normal;\" ><\/div>\n\n        <div class=\"overlay \" style=\"opacity: 0.8;\" ><\/div>\n\n    \t<div class=\"col-content\">\n        \t<div id=\"cl_row_inner_69e0dbf077d038-94308291\" class=\"cl-row_inner  cl-element \" style=\"margin-top: 35px;\" ><div class=\"row cl_row-sortable\">\n<div id=\"cl_column_inner_69e0dbf077d9d9-15421309\" class=\"cl-element cl_column_inner col-sm-12 dark-text\" style=\"\" data-delay=\"none\" data-speed=\"400\" >\n\t<div class=\"wrapper \" style=\"padding-top: 10px;padding-bottom: 10px;border-style: solid;\" >\n\n\t\t<div class=\"bg-layer \" style=\"background-position: left top;background-repeat: no-repeat;background-size: cover;background-attachment: scroll;background-blend-mode: normal;\" ><\/div>\n\n        <div class=\"overlay \" style=\"opacity: 0.8;\" ><\/div>\n\t\t<div class=\"col-content\">\n\t\t\t\n<h2 id=\"cl_custom_heading_69e0dbf077e526-69203104\" class=\"cl-custom-heading cl-element custom_font h2\" style=\"margin-top: 35px;border-style: solid;\" data-delay=\"none\" data-speed=\"400\" >\n\nWillkommen im B2B SHOP\n<\/h2>\n\n\t\t<\/div>\n\t<\/div>\n<\/div><\/div><\/div>\n<div id=\"cl_text_69e0dbf077f33\" class=\"cl-text cl-element animate_on_visible bottom-t-top\" style=\"font-size: 22px;font-weight: 400;line-height: 36px;text-transform: none;color: #8c8c8c;margin-top: 20px;\" data-delay=\"300\" data-speed=\"400\" >\n\n\t<p>Bitte beachten Sie, dass sich dieser Shop nur an Wiederverk\u00e4ufer richtet.<\/p>\n<p>Wenn Sie noch kein Konto besitzen, k\u00f6nnen Sie dieses hier \u00fcber den untenstehenden Button beantragen.<\/p>\n<p>Bei offenen Fragen kontaktieren Sie uns gern per Email oder telefonisch.<\/p>\n\n<\/div>\n\n<div id=\"cl_row_inner_69e0dbf077f9b8-75802525\" class=\"cl-row_inner  cl-element \" style=\"margin-top: 35px;\" ><div class=\"row cl_row-sortable\">\n<div id=\"cl_column_inner_69e0dbf0780578-73786906\" class=\"cl-element cl_column_inner col-sm-12 cl-inline-column dark-text\" style=\"\" data-delay=\"none\" data-speed=\"400\" >\n\t<div class=\"wrapper \" style=\"padding-top: ;padding-bottom: ;border-style: solid;\" >\n\n\t\t<div class=\"bg-layer \" style=\"background-position: left top;background-repeat: no-repeat;background-size: cover;background-attachment: scroll;background-blend-mode: normal;\" ><\/div>\n\n        <div class=\"overlay \" style=\"opacity: 0.8;\" ><\/div>\n\t\t<div class=\"col-content\">\n\t\t\t\n\n<div class=\"cl-btn-div cl-element cl_btn_div69e0dbf0780ec3-74360999 \" style=\"margin-top: 35px;padding-left: 20;padding-right: 20;margin-bottom: 20;\" data-delay=\"none\" data-speed=\"400\" >\n\t<a href=\"\/mein-konto\" target=\"_self\" class=\" \n\tcl-btn btn-style-material_square btn-layout-extra-large btn-font-large\" style=\"\"  > <span>Login\n<\/span><\/a>\n<\/div>\n\n\n\n\n<div class=\"cl-btn-div cl-element cl_btn_div69e0dbf0781bd2-75476365 \" style=\"margin-top: 35px;\" data-delay=\"none\" data-speed=\"400\" >\n\t<a href=\"\/zugang-zum-b2b-shop-beantragen\" target=\"_self\" class=\" \n\tcl-btn btn-style-material_square btn-layout-extra-large btn-font-large\" style=\"\"  > <span>ZUGANG BEANTRAGEN\n<\/span><\/a>\n<\/div>\n\n\n\t\t<\/div>\n\t<\/div>\n<\/div>\n<div id=\"cl_column_inner_69e0dbf07824d5-22519958\" class=\"cl-element cl_column_inner col-sm-12 dark-text\" style=\"\" data-delay=\"none\" data-speed=\"400\" >\n\t<div class=\"wrapper \" style=\"padding-top: 10px;padding-bottom: 10px;border-style: solid;\" >\n\n\t\t<div class=\"bg-layer \" style=\"background-position: left top;background-repeat: no-repeat;background-size: cover;background-attachment: scroll;background-blend-mode: normal;\" ><\/div>\n\n        <div class=\"overlay \" style=\"opacity: 0.8;\" ><\/div>\n\t\t<div class=\"col-content\">\n\t\t\t[cl_empty space=&#8220;30px&#8220;]\t\t<\/div>\n\t<\/div>\n<\/div><\/div><\/div>        <\/div><!-- .col-content -->\n\n            <\/div><!-- .cl_col_wrapper -->\n<\/div><!-- .cl_column --><\/div><\/div><\/div><div id=\"cl_row_inner_69e0dbf0782f85-39307861\" class=\"cl-row_inner  cl-element \" style=\"margin-top: 35px;\" ><div class=\"row cl_row-sortable\">\n<div id=\"cl_column_inner_69e0dbf0783492-84937950\" class=\"cl-element cl_column_inner col-sm-3 dark-text\" style=\"\" data-delay=\"none\" data-speed=\"400\" >\n\t<div class=\"wrapper \" style=\"padding-top: 10px;padding-bottom: 10px;border-style: solid;\" >\n\n\t\t<div class=\"bg-layer \" style=\"background-position: left top;background-repeat: no-repeat;background-size: cover;background-attachment: scroll;background-blend-mode: normal;\" ><\/div>\n\n        <div class=\"overlay \" style=\"opacity: 0.8;\" ><\/div>\n\t\t<div class=\"col-content\">\n\t\t\t\t\t<\/div>\n\t<\/div>\n<\/div>\n<div id=\"cl_column_inner_69e0dbf0783935-63267746\" class=\"cl-element cl_column_inner col-sm-9 dark-text\" style=\"\" data-delay=\"none\" data-speed=\"400\" >\n\t<div class=\"wrapper \" style=\"padding-top: 10px;padding-bottom: 10px;border-style: solid;\" >\n\n\t\t<div class=\"bg-layer \" style=\"background-position: left top;background-repeat: no-repeat;background-size: cover;background-attachment: scroll;background-blend-mode: normal;\" ><\/div>\n\n        <div class=\"overlay \" style=\"opacity: 0.8;\" ><\/div>\n\t\t<div class=\"col-content\">\n\t\t\t\n<h2 id=\"cl_custom_heading_69e0dbf0783f84-29917959\" class=\"cl-custom-heading cl-element custom_font h1 animate_on_visible bottom-t-top\" style=\"margin-top: 35px;border-style: solid;\" data-delay=\"100\" data-speed=\"400\" >\n\nB2B SHOP\n<\/h2>\n\n\t\t<\/div>\n\t<\/div>\n<\/div><\/div><\/div>\n       <\/div>\r\n    <\/div>\r\n\r\n        \r\n    \r\n<\/div><div id=\"cl_row_69e0dbf0784dc9-61528292\" class=\"cl-row cl-element dark-text \" style=\"padding-top: 45px;padding-bottom: 110px;border-style: solid;\" ><div class=\"video-section social-video\"  data-stream=\"none\" style=\"opacity:0;\"><div class=\"cl-video-centered\"><\/div><\/div><div class=\"bg-layer \" style=\"background-position: left-top;background-size: cover;background-repeat: no-repeat;background-attachment: scroll;background-blend-mode: normal;\" data-delay=\"none\" data-speed=\"400\"  data-parallax-config='{ \"speed\": 0.3 }'><\/div><div class=\"overlay \" style=\"opacity: 0.8;\" ><\/div><div class=\"container container-content\"><div class=\"row cl_row-sortable cl_row-cp-middle cl-col-tablet-none\">\n<div id=\"cl_column_69e0dbf0785746-83278251\"  class=\"cl-element cl_column col-sm-3  align-h-left align-v-top effect-none dark-text\" style=\"\" data-delay=\"none\" data-speed=\"400\" >\n    \n    <div class=\"cl_col_wrapper \" style=\"padding-top: 30px;padding-bottom: 50px;border-left-width: 1px;border-top-width: 1px;border-bottom-width: 1px;border-right-width: 1px;padding-left: 30px;padding-right: 30px;border-style: solid;border-color: #ebebeb;\" >\n    \t\n        <div class=\"bg-layer \" style=\"background-position: left top;background-repeat: no-repeat;background-size: cover;background-attachment: scroll;background-blend-mode: normal;\" ><\/div>\n\n        <div class=\"overlay \" style=\"opacity: 0.8;\" ><\/div>\n\n    \t<div class=\"col-content\">\n        \t\n<div class=\"cl_media cl-element type-image position_center\" style=\"margin-top: 15px;padding-top: ;padding-right: ;padding-bottom: 30px;padding-left: ;\" data-delay=\"none\" data-speed=\"400\" >\n\n\t\t<a target=\"_self\" href=\"\/produkt-kategorie\/sets\/\" class=\"custom-link\"><\/a>\n\t\n\t<div class=\"inner\"  style=\"\" >\n\t\n\t\t\n\t\t\n\t\t<img loading=\"lazy\" decoding=\"async\" width=\"1600\" height=\"1600\" src=\"https:\/\/b2b.esenta.de\/wp-content\/uploads\/2024\/05\/sets.jpeg\" class=\"attachment-theme_default size-theme_default\" alt=\"\" srcset=\"https:\/\/b2b.esenta.de\/wp-content\/uploads\/2024\/05\/sets.jpeg 1600w, https:\/\/b2b.esenta.de\/wp-content\/uploads\/2024\/05\/sets-300x300.jpeg 300w, https:\/\/b2b.esenta.de\/wp-content\/uploads\/2024\/05\/sets-1024x1024.jpeg 1024w, https:\/\/b2b.esenta.de\/wp-content\/uploads\/2024\/05\/sets-150x150.jpeg 150w, https:\/\/b2b.esenta.de\/wp-content\/uploads\/2024\/05\/sets-768x768.jpeg 768w, https:\/\/b2b.esenta.de\/wp-content\/uploads\/2024\/05\/sets-1536x1536.jpeg 1536w, https:\/\/b2b.esenta.de\/wp-content\/uploads\/2024\/05\/sets-12x12.jpeg 12w, https:\/\/b2b.esenta.de\/wp-content\/uploads\/2024\/05\/sets-600x600.jpeg 600w, https:\/\/b2b.esenta.de\/wp-content\/uploads\/2024\/05\/sets-100x100.jpeg 100w, https:\/\/b2b.esenta.de\/wp-content\/uploads\/2024\/05\/sets-64x64.jpeg 64w\" sizes=\"auto, (max-width: 1600px) 100vw, 1600px\" \/>\n\t\n\t\t\t\n\t<\/div>\n<\/div><div class=\"cl_service cl-element type_text media_top align_center cl-hover-none dark-text\" style=\"margin-top: 35px;border-color: rgba(0,0,0,0.0);\" data-delay=\"none\" data-speed=\"400\" ><div class=\"icon_wrapper wrapper_none\" style=\"padding-right: 21px;padding-bottom: 21px;\" ><div class=\"wrapper-form\" style=\"background-color: rgba(0,0,0,0);border-color: rgba(0,0,0,0.5);width: 106px;height: 106px;\" ><a href=\"\/produkt-kategorie\/sets\/\"><\/a><\/div><!-- wrapper-form --><\/div><!-- icon_wrapper --><div class=\"box-content\"><h3 class=\"custom_font h5\" style=\"margin-top: 2px;\" ><a href=\"\/produkt-kategorie\/sets\/\">Sets<\/a><\/h3><div class=\"content\" style=\"margin-top: 7px;\" ><\/div><\/div><!-- box-content --><\/div><!-- cl_service -->        <\/div><!-- .col-content -->\n\n            <\/div><!-- .cl_col_wrapper -->\n<\/div><!-- .cl_column -->\n<div id=\"cl_column_69e0dbf078ddd9-40815061\"  class=\"cl-element cl_column col-sm-3  align-h-left align-v-top effect-none dark-text\" style=\"\" data-delay=\"none\" data-speed=\"400\" >\n    \n    <div class=\"cl_col_wrapper \" style=\"padding-top: 30px;padding-bottom: 50px;border-left-width: 1px;border-top-width: 1px;border-right-width: 1px;border-bottom-width: 1px;padding-left: 30px;padding-right: 30px;border-style: solid;border-color: #ebebeb;\" >\n    \t\n        <div class=\"bg-layer \" style=\"background-position: left top;background-repeat: no-repeat;background-size: cover;background-attachment: scroll;background-blend-mode: normal;\" ><\/div>\n\n        <div class=\"overlay \" style=\"opacity: 0.8;\" ><\/div>\n\n    \t<div class=\"col-content\">\n        \t\n<div class=\"cl_media cl-element type-image position_center\" style=\"margin-top: 15px;padding-top: ;padding-right: ;padding-bottom: 30px;padding-left: ;\" data-delay=\"none\" data-speed=\"400\" >\n\n\t\t<a target=\"_self\" href=\"\/produkt-kategorie\/aussenstationen\/\" class=\"custom-link\"><\/a>\n\t\n\t<div class=\"inner\"  style=\"\" >\n\t\n\t\t\n\t\t\n\t\t<img loading=\"lazy\" decoding=\"async\" width=\"1600\" height=\"1600\" src=\"https:\/\/b2b.esenta.de\/wp-content\/uploads\/2024\/05\/station.jpeg\" class=\"attachment-theme_default size-theme_default\" alt=\"\" srcset=\"https:\/\/b2b.esenta.de\/wp-content\/uploads\/2024\/05\/station.jpeg 1600w, https:\/\/b2b.esenta.de\/wp-content\/uploads\/2024\/05\/station-300x300.jpeg 300w, https:\/\/b2b.esenta.de\/wp-content\/uploads\/2024\/05\/station-1024x1024.jpeg 1024w, https:\/\/b2b.esenta.de\/wp-content\/uploads\/2024\/05\/station-150x150.jpeg 150w, https:\/\/b2b.esenta.de\/wp-content\/uploads\/2024\/05\/station-768x768.jpeg 768w, https:\/\/b2b.esenta.de\/wp-content\/uploads\/2024\/05\/station-1536x1536.jpeg 1536w, https:\/\/b2b.esenta.de\/wp-content\/uploads\/2024\/05\/station-12x12.jpeg 12w, https:\/\/b2b.esenta.de\/wp-content\/uploads\/2024\/05\/station-600x600.jpeg 600w, https:\/\/b2b.esenta.de\/wp-content\/uploads\/2024\/05\/station-100x100.jpeg 100w, https:\/\/b2b.esenta.de\/wp-content\/uploads\/2024\/05\/station-64x64.jpeg 64w\" sizes=\"auto, (max-width: 1600px) 100vw, 1600px\" \/>\n\t\n\t\t\t\n\t<\/div>\n<\/div><div class=\"cl_service cl-element type_text media_top align_center cl-hover-none dark-text\" style=\"margin-top: 35px;border-color: rgba(0,0,0,0.0);\" data-delay=\"none\" data-speed=\"400\" ><div class=\"icon_wrapper wrapper_none\" style=\"padding-right: 21px;padding-bottom: 21px;\" ><div class=\"wrapper-form\" style=\"background-color: rgba(0,0,0,0);border-color: rgba(0,0,0,0.5);width: 106px;height: 106px;\" ><a href=\"\/produkt-kategorie\/aussenstationen\/\"><\/a><\/div><!-- wrapper-form --><\/div><!-- icon_wrapper --><div class=\"box-content\"><h3 class=\"custom_font h5\" style=\"margin-top: 2px;\" ><a href=\"\/produkt-kategorie\/aussenstationen\/\">Au\u00dfenstationen<\/a><\/h3><div class=\"content\" style=\"margin-top: 7px;\" ><\/div><\/div><!-- box-content --><\/div><!-- cl_service -->        <\/div><!-- .col-content -->\n\n            <\/div><!-- .cl_col_wrapper -->\n<\/div><!-- .cl_column -->\n<div id=\"cl_column_69e0dbf0795083-75204039\"  class=\"cl-element cl_column col-sm-3  align-h-left align-v-top effect-none dark-text\" style=\"\" data-delay=\"none\" data-speed=\"400\" >\n    \n    <div class=\"cl_col_wrapper \" style=\"padding-top: 30px;padding-bottom: 50px;border-left-width: 1px;border-top-width: 1px;border-right-width: 1px;border-bottom-width: 1px;padding-right: 30px;padding-left: 30px;border-style: solid;border-color: #ebebeb;\" >\n    \t\n        <div class=\"bg-layer \" style=\"background-position: left top;background-repeat: no-repeat;background-size: cover;background-attachment: scroll;background-blend-mode: normal;\" ><\/div>\n\n        <div class=\"overlay \" style=\"opacity: 0.8;\" ><\/div>\n\n    \t<div class=\"col-content\">\n        \t\n<div class=\"cl_media cl-element type-image position_center cl-custom-width\" style=\"margin-top: 15px;\" data-delay=\"none\" data-speed=\"400\" >\n\n\t\t<a target=\"_self\" href=\"\/produkt-kategorie\/innenstationen\/\" class=\"custom-link\"><\/a>\n\t\n\t<div class=\"inner\"  style=\"width: 180px;\" >\n\t\n\t\t\n\t\t\n\t\t<img loading=\"lazy\" decoding=\"async\" width=\"711\" height=\"846\" src=\"https:\/\/b2b.esenta.de\/wp-content\/uploads\/2023\/03\/is313w_2.png\" class=\"attachment-full size-full\" alt=\"\" srcset=\"https:\/\/b2b.esenta.de\/wp-content\/uploads\/2023\/03\/is313w_2.png 711w, https:\/\/b2b.esenta.de\/wp-content\/uploads\/2023\/03\/is313w_2-600x714.png 600w, https:\/\/b2b.esenta.de\/wp-content\/uploads\/2023\/03\/is313w_2-252x300.png 252w\" sizes=\"auto, (max-width: 711px) 100vw, 711px\" \/>\n\t\n\t\t\t\n\t<\/div>\n<\/div><div class=\"cl_service cl-element type_text media_top align_center cl-hover-none dark-text\" style=\"margin-top: 35px;border-color: rgba(0,0,0,0.0);\" data-delay=\"none\" data-speed=\"400\" ><div class=\"icon_wrapper wrapper_none\" style=\"padding-right: 21px;padding-bottom: 21px;\" ><div class=\"wrapper-form\" style=\"background-color: rgba(0,0,0,0);border-color: rgba(0,0,0,0.5);width: 106px;height: 106px;\" ><a href=\"\/produkt-kategorie\/innenstationen\/\"><\/a><\/div><!-- wrapper-form --><\/div><!-- icon_wrapper --><div class=\"box-content\"><h3 class=\"custom_font h5\" style=\"margin-top: 2px;\" ><a href=\"\/produkt-kategorie\/innenstationen\/\">Innenstationen<\/a><\/h3><div class=\"content\" style=\"margin-top: 7px;\" ><\/div><\/div><!-- box-content --><\/div><!-- cl_service -->        <\/div><!-- .col-content -->\n\n            <\/div><!-- .cl_col_wrapper -->\n<\/div><!-- .cl_column -->\n<div id=\"cl_column_69e0dbf079c402-30015673\"  class=\"cl-element cl_column col-sm-3  align-h-left align-v-top effect-none dark-text\" style=\"\" data-delay=\"none\" data-speed=\"400\" >\n    \n    <div class=\"cl_col_wrapper \" style=\"padding-top: 30px;padding-bottom: 50px;border-left-width: 1px;border-top-width: 1px;border-right-width: 1px;border-bottom-width: 1px;padding-right: 30px;padding-left: 30px;border-style: solid;border-color: #ebebeb;\" >\n    \t\n        <div class=\"bg-layer \" style=\"background-position: left top;background-repeat: no-repeat;background-size: cover;background-attachment: scroll;background-blend-mode: normal;\" ><\/div>\n\n        <div class=\"overlay \" style=\"opacity: 0.8;\" ><\/div>\n\n    \t<div class=\"col-content\">\n        \t\n<div class=\"cl_media cl-element type-image position_center\" style=\"margin-top: 15px;padding-bottom: 30px;padding-left: ;\" data-delay=\"none\" data-speed=\"400\" >\n\n\t\t<a target=\"_self\" href=\"\/produkt-kategorie\/zubehoer\/\" class=\"custom-link\"><\/a>\n\t\n\t<div class=\"inner\"  style=\"\" >\n\t\n\t\t\n\t\t\n\t\t<img loading=\"lazy\" decoding=\"async\" width=\"600\" height=\"600\" src=\"https:\/\/b2b.esenta.de\/wp-content\/uploads\/2023\/03\/rfid_tag_chip_13_56_mhz_mifare_classic_schwarz.png\" class=\"attachment-full size-full\" alt=\"\" srcset=\"https:\/\/b2b.esenta.de\/wp-content\/uploads\/2023\/03\/rfid_tag_chip_13_56_mhz_mifare_classic_schwarz.png 600w, https:\/\/b2b.esenta.de\/wp-content\/uploads\/2023\/03\/rfid_tag_chip_13_56_mhz_mifare_classic_schwarz-300x300.png 300w, https:\/\/b2b.esenta.de\/wp-content\/uploads\/2023\/03\/rfid_tag_chip_13_56_mhz_mifare_classic_schwarz-100x100.png 100w, https:\/\/b2b.esenta.de\/wp-content\/uploads\/2023\/03\/rfid_tag_chip_13_56_mhz_mifare_classic_schwarz-416x416.png 416w, https:\/\/b2b.esenta.de\/wp-content\/uploads\/2023\/03\/rfid_tag_chip_13_56_mhz_mifare_classic_schwarz-150x150.png 150w\" sizes=\"auto, (max-width: 600px) 100vw, 600px\" \/>\n\t\n\t\t\t\n\t<\/div>\n<\/div><div class=\"cl_service cl-element type_text media_top align_center cl-hover-none dark-text\" style=\"margin-top: 35px;border-color: rgba(0,0,0,0.0);\" data-delay=\"none\" data-speed=\"400\" ><div class=\"icon_wrapper wrapper_none\" style=\"padding-right: 21px;padding-bottom: 21px;\" ><div class=\"wrapper-form\" style=\"background-color: rgba(0,0,0,0);border-color: rgba(0,0,0,0.5);width: 106px;height: 106px;\" ><a href=\"\/produkt-kategorie\/zubehoer\/\"><\/a><\/div><!-- wrapper-form --><\/div><!-- icon_wrapper --><div class=\"box-content\"><h3 class=\"custom_font h5\" style=\"margin-top: 2px;\" ><a href=\"\/produkt-kategorie\/zubehoer\/\">Zubeh\u00f6r<\/a><\/h3><div class=\"content\" style=\"margin-top: 7px;\" ><\/div><\/div><!-- box-content --><\/div><!-- cl_service -->        <\/div><!-- .col-content -->\n\n            <\/div><!-- .cl_col_wrapper -->\n<\/div><!-- .cl_column --><\/div><\/div><\/div>\n","protected":false},"excerpt":{"rendered":"Willkommen im B2B SHOP Bitte beachten Sie, dass sich dieser Shop nur an Wiederverk\u00e4ufer richtet. Wenn Sie noch kein Konto besitzen, k\u00f6nnen Sie dieses hier \u00fcber den untenstehenden Button beantragen. Bei offenen Fragen kontaktieren Sie uns gern per Email oder [...]","protected":false},"author":1,"featured_media":0,"parent":0,"menu_order":0,"comment_status":"closed","ping_status":"closed","template":"","meta":{"footnotes":""},"class_list":["post-220","page","type-page","status-publish","hentry"],"_links":{"self":[{"href":"https:\/\/b2b.esenta.de\/en\/wp-json\/wp\/v2\/pages\/220","targetHints":{"allow":["GET"]}}],"collection":[{"href":"https:\/\/b2b.esenta.de\/en\/wp-json\/wp\/v2\/pages"}],"about":[{"href":"https:\/\/b2b.esenta.de\/en\/wp-json\/wp\/v2\/types\/page"}],"author":[{"embeddable":true,"href":"https:\/\/b2b.esenta.de\/en\/wp-json\/wp\/v2\/users\/1"}],"replies":[{"embeddable":true,"href":"https:\/\/b2b.esenta.de\/en\/wp-json\/wp\/v2\/comments?post=220"}],"version-history":[{"count":38,"href":"https:\/\/b2b.esenta.de\/en\/wp-json\/wp\/v2\/pages\/220\/revisions"}],"predecessor-version":[{"id":901,"href":"https:\/\/b2b.esenta.de\/en\/wp-json\/wp\/v2\/pages\/220\/revisions\/901"}],"wp:attachment":[{"href":"https:\/\/b2b.esenta.de\/en\/wp-json\/wp\/v2\/media?parent=220"}],"curies":[{"name":"wp","href":"https:\/\/api.w.org\/{rel}","templated":true}]}}