{"id":24,"date":"2023-03-14T15:36:38","date_gmt":"2023-03-14T14:36:38","guid":{"rendered":"http:\/\/b2b.esenta.de\/?post_type=product&#038;p=24"},"modified":"2024-05-07T18:25:27","modified_gmt":"2024-05-07T16:25:27","slug":"esenta-hub","status":"publish","type":"product","link":"https:\/\/b2b.esenta.de\/en\/product\/esenta-hub\/","title":{"rendered":"ESENTA HU1000 \/ SECURITY MODULE FOR SIAS IP VIDEO DOOR INTERCOM SYSTEMS"},"content":{"rendered":"<div class=\"btif roundBdCustom shadCustom\">\n<div class=\"head\">\n<p><strong>ESENTA HU1000 \/ SECURITY MODULE FOR SIAS IP VIDEO DOOR INTERCOM SYSTEMS<br \/>\n<\/strong><strong>Sicherheits- & Geb\u00e4ude-Automations-Modul f\u00fcr ESENTA IP-Video-Sprechanlage<\/strong><\/p>\n<\/div>\n<div class=\"cont\">\n<p>Das ESENTA HU1000 Sicherheitsmodul kann bis zu drei T\u00fcren \/ Tore gegen Manipulationen absichern. In ca. 80% der F\u00e4lle werden die elektrischer T\u00fcr\u00f6ffner \/ Automatikschl\u00f6sser direkt an die Relais der Au\u00dfenstation angeschlossen. Im Falle eines Ausbaus durch unbefugten Dritten k\u00f6nnten die Adern kurzgeschlossen und der elektrischer T\u00fcr\u00f6ffner \/ Automatikschl\u00f6sser angesteuert werden, wodurch unbefugte Personen in das Geb\u00e4ude gelangen k\u00f6nnten.<\/p>\n<p>Das ESENTA HU1000 Sicherheitsmodul verhindert genau das!<br \/>\nDie Montage des Sicherheitsmoduls erfolgt im gesch\u00fctzten Innenbereich, z.B. in einem Z\u00e4hlerschrank im Inneren des Geb\u00e4udes, danach wir die ESENTA Au\u00dfenstation \u00fcber ein LAN-Kabel mit dem HU1000 verbunden, \u00a0der elektrischer T\u00fcr\u00f6ffner \/ Automatikschl\u00f6sser werden an die Relais von dem HU1000 angeschlossen. Dadurch k\u00f6nnen bei einem Sabotageversuch durch den unbefugten Dritten die Adern nicht kurzgeschlossen und die T\u00fcr nicht ge\u00f6ffnet werden. Zus\u00e4tzlich trennt der HU1000 dauerhaft die Netzwerkverbindung zur Au\u00dfenstation.<\/p>\n<\/div>\n<\/div>","protected":false},"excerpt":{"rendered":"<p>Sicherheitsmodul zu ESENTA IP Video-Sprechanlage<\/p>\n<p>&#8211; Ethernet<br \/>\n&#8211; 3x Relais<br \/>\n&#8211; Hutschienen-Montage<\/p>","protected":false},"featured_media":27,"template":"","meta":[],"product_brand":[],"product_cat":[18],"product_tag":[],"class_list":{"0":"post-24","1":"product","2":"type-product","3":"status-publish","4":"has-post-thumbnail","6":"product_cat-hub","8":"first","9":"instock","10":"taxable","11":"shipping-taxable","12":"purchasable","13":"product-type-simple"},"_links":{"self":[{"href":"https:\/\/b2b.esenta.de\/en\/wp-json\/wp\/v2\/product\/24","targetHints":{"allow":["GET"]}}],"collection":[{"href":"https:\/\/b2b.esenta.de\/en\/wp-json\/wp\/v2\/product"}],"about":[{"href":"https:\/\/b2b.esenta.de\/en\/wp-json\/wp\/v2\/types\/product"}],"wp:featuredmedia":[{"embeddable":true,"href":"https:\/\/b2b.esenta.de\/en\/wp-json\/wp\/v2\/media\/27"}],"wp:attachment":[{"href":"https:\/\/b2b.esenta.de\/en\/wp-json\/wp\/v2\/media?parent=24"}],"wp:term":[{"taxonomy":"product_brand","embeddable":true,"href":"https:\/\/b2b.esenta.de\/en\/wp-json\/wp\/v2\/product_brand?post=24"},{"taxonomy":"product_cat","embeddable":true,"href":"https:\/\/b2b.esenta.de\/en\/wp-json\/wp\/v2\/product_cat?post=24"},{"taxonomy":"product_tag","embeddable":true,"href":"https:\/\/b2b.esenta.de\/en\/wp-json\/wp\/v2\/product_tag?post=24"}],"curies":[{"name":"wp","href":"https:\/\/api.w.org\/{rel}","templated":true}]}}