{"id":357,"date":"2023-03-17T10:14:17","date_gmt":"2023-03-17T09:14:17","guid":{"rendered":"http:\/\/b2b.esenta.de\/?post_type=product&#038;p=357"},"modified":"2026-03-25T23:13:01","modified_gmt":"2026-03-25T22:13:01","slug":"hutschienen-netzteil-24v-dc-15a-36w","status":"publish","type":"product","link":"https:\/\/b2b.esenta.de\/en\/product\/hutschienen-netzteil-24v-dc-15a-36w\/","title":{"rendered":"Hutschienen-Netzteil 24V\/DC 1,5A 36W"},"content":{"rendered":"<p>Netzteil f\u00fcr die Hutschienenmontage im Kunststoffgeh\u00e4use,<\/p>\n<p>\u2013 Direkt auf die DIN-Schiene montierbar,<br \/>\n\u2013 geschlossene Bauform, ber\u00fchrgesch\u00fctzte Schraubanschl\u00fcsse<br \/>\n\u2013 Universaleingang<br \/>\n\u2013 \u00dcberlastschutz durch Strombegrenzung, auto recovery<br \/>\n\u2013 LED-Anzeige f\u00fcr Power-On<br \/>\n\u2013 Isolationsklasse II (ohne PE)<\/p>","protected":false},"excerpt":{"rendered":"<p>TECHNISCHE MERKMALE<br \/>\n-Hutschienen-Netzteil Trafo 24V \/ DC 1,5A 36W<\/p>","protected":false},"featured_media":358,"template":"","meta":[],"product_brand":[],"product_cat":[20],"product_tag":[],"class_list":{"0":"post-357","1":"product","2":"type-product","3":"status-publish","4":"has-post-thumbnail","6":"product_cat-zubehoer","8":"first","9":"instock","10":"taxable","11":"shipping-taxable","12":"purchasable","13":"product-type-simple"},"_links":{"self":[{"href":"https:\/\/b2b.esenta.de\/en\/wp-json\/wp\/v2\/product\/357","targetHints":{"allow":["GET"]}}],"collection":[{"href":"https:\/\/b2b.esenta.de\/en\/wp-json\/wp\/v2\/product"}],"about":[{"href":"https:\/\/b2b.esenta.de\/en\/wp-json\/wp\/v2\/types\/product"}],"wp:featuredmedia":[{"embeddable":true,"href":"https:\/\/b2b.esenta.de\/en\/wp-json\/wp\/v2\/media\/358"}],"wp:attachment":[{"href":"https:\/\/b2b.esenta.de\/en\/wp-json\/wp\/v2\/media?parent=357"}],"wp:term":[{"taxonomy":"product_brand","embeddable":true,"href":"https:\/\/b2b.esenta.de\/en\/wp-json\/wp\/v2\/product_brand?post=357"},{"taxonomy":"product_cat","embeddable":true,"href":"https:\/\/b2b.esenta.de\/en\/wp-json\/wp\/v2\/product_cat?post=357"},{"taxonomy":"product_tag","embeddable":true,"href":"https:\/\/b2b.esenta.de\/en\/wp-json\/wp\/v2\/product_tag?post=357"}],"curies":[{"name":"wp","href":"https:\/\/api.w.org\/{rel}","templated":true}]}}