{"id":383,"date":"2023-03-17T10:45:49","date_gmt":"2023-03-17T09:45:49","guid":{"rendered":"http:\/\/b2b.esenta.de\/?post_type=product&#038;p=383"},"modified":"2026-03-25T22:53:23","modified_gmt":"2026-03-25T21:53:23","slug":"esenta-2-wire-ip-modul","status":"publish","type":"product","link":"https:\/\/b2b.esenta.de\/en\/product\/esenta-2-wire-ip-modul\/","title":{"rendered":"ESENTA 2-Wire \/ IP Modul Set"},"content":{"rendered":"<div class=\"cont\">\n<p>Daten und Strom \u00fcber eine 2-Adern-Leitung.<br \/>\nDas \u201eSI-2WIP\u201c 2Wire Modulen erm\u00f6glicht eine Ethernet-Verbindung \u00fcber ein 2-Adriges Kabel.<br \/>\nSomit kann die bestehende Verdrahtung (Klingeldraht, Telefonleitung, \u2026) auch zum Anschluss der SIAS IP Videot\u00fcrsprechanlagen verwendet werden, ohne das neue CAT Kabel verlegt werden m\u00fcssen.<br \/>\nDie SI-AS Au\u00dfenstation wird \u00fcber die beiden Adern gleichzeitig mit Strom und Ethernet versorgt.<br \/>\nDie Daten\u00fcbertragung erfolgt verschl\u00fcsselt (128 Bit AES-128 Verschl\u00fcsselung)<\/p>\n<p>Leitungsl\u00e4nge max. 50m<\/p>\n<\/div>","protected":false},"excerpt":{"rendered":"<p>2 Wire Modul zu SIAS IP Sprechanlage<br \/>\n&#8211; ESENTA 2-Wire \/ IP Modul Set<\/p>","protected":false},"featured_media":384,"template":"","meta":[],"product_brand":[],"product_cat":[20],"product_tag":[],"class_list":{"0":"post-383","1":"product","2":"type-product","3":"status-publish","4":"has-post-thumbnail","6":"product_cat-zubehoer","8":"first","9":"instock","10":"taxable","11":"shipping-taxable","12":"purchasable","13":"product-type-simple"},"_links":{"self":[{"href":"https:\/\/b2b.esenta.de\/en\/wp-json\/wp\/v2\/product\/383","targetHints":{"allow":["GET"]}}],"collection":[{"href":"https:\/\/b2b.esenta.de\/en\/wp-json\/wp\/v2\/product"}],"about":[{"href":"https:\/\/b2b.esenta.de\/en\/wp-json\/wp\/v2\/types\/product"}],"wp:featuredmedia":[{"embeddable":true,"href":"https:\/\/b2b.esenta.de\/en\/wp-json\/wp\/v2\/media\/384"}],"wp:attachment":[{"href":"https:\/\/b2b.esenta.de\/en\/wp-json\/wp\/v2\/media?parent=383"}],"wp:term":[{"taxonomy":"product_brand","embeddable":true,"href":"https:\/\/b2b.esenta.de\/en\/wp-json\/wp\/v2\/product_brand?post=383"},{"taxonomy":"product_cat","embeddable":true,"href":"https:\/\/b2b.esenta.de\/en\/wp-json\/wp\/v2\/product_cat?post=383"},{"taxonomy":"product_tag","embeddable":true,"href":"https:\/\/b2b.esenta.de\/en\/wp-json\/wp\/v2\/product_tag?post=383"}],"curies":[{"name":"wp","href":"https:\/\/api.w.org\/{rel}","templated":true}]}}