{"id":390,"date":"2023-03-17T10:52:37","date_gmt":"2023-03-17T09:52:37","guid":{"rendered":"http:\/\/b2b.esenta.de\/?post_type=product&#038;p=390"},"modified":"2026-03-25T23:11:59","modified_gmt":"2026-03-25T22:11:59","slug":"l-halter-zur-montage-sias-ip-video-tuerklingel-im-pfosten","status":"publish","type":"product","link":"https:\/\/b2b.esenta.de\/en\/product\/l-halter-zur-montage-sias-ip-video-tuerklingel-im-pfosten\/","title":{"rendered":"L-HALTER ZUR MONTAGE SIAS IP VIDEO T\u00dcRKLINGEL IM PFOSTEN"},"content":{"rendered":"<p>Bei Pfosten-Installation empfiehlt es sich die Unterputzdose in den Pfosten zu integrieren.<\/p>\n<p>Sollte dies bei nachtr\u00e4glicher Montage nicht mehr m\u00f6glich sein, so k\u00f6nnen Sie den Rahmen mit Hilfe der zwei L-Halter im Pfosten befestigen.<\/p>","protected":false},"excerpt":{"rendered":"<p>TECHNISCHE MERKMALE<br \/>\n&#8211; L-Halter<br \/>\n&#8211; V2A (Edelstahl)<br \/>\n&#8211; Pfostenmontage<\/p>","protected":false},"featured_media":391,"template":"","meta":[],"product_brand":[],"product_cat":[20],"product_tag":[],"class_list":{"0":"post-390","1":"product","2":"type-product","3":"status-publish","4":"has-post-thumbnail","6":"product_cat-zubehoer","8":"first","9":"instock","10":"taxable","11":"shipping-taxable","12":"purchasable","13":"product-type-simple"},"_links":{"self":[{"href":"https:\/\/b2b.esenta.de\/en\/wp-json\/wp\/v2\/product\/390","targetHints":{"allow":["GET"]}}],"collection":[{"href":"https:\/\/b2b.esenta.de\/en\/wp-json\/wp\/v2\/product"}],"about":[{"href":"https:\/\/b2b.esenta.de\/en\/wp-json\/wp\/v2\/types\/product"}],"wp:featuredmedia":[{"embeddable":true,"href":"https:\/\/b2b.esenta.de\/en\/wp-json\/wp\/v2\/media\/391"}],"wp:attachment":[{"href":"https:\/\/b2b.esenta.de\/en\/wp-json\/wp\/v2\/media?parent=390"}],"wp:term":[{"taxonomy":"product_brand","embeddable":true,"href":"https:\/\/b2b.esenta.de\/en\/wp-json\/wp\/v2\/product_brand?post=390"},{"taxonomy":"product_cat","embeddable":true,"href":"https:\/\/b2b.esenta.de\/en\/wp-json\/wp\/v2\/product_cat?post=390"},{"taxonomy":"product_tag","embeddable":true,"href":"https:\/\/b2b.esenta.de\/en\/wp-json\/wp\/v2\/product_tag?post=390"}],"curies":[{"name":"wp","href":"https:\/\/api.w.org\/{rel}","templated":true}]}}