{"id":687,"date":"2023-07-02T23:42:59","date_gmt":"2023-07-02T21:42:59","guid":{"rendered":"https:\/\/b2b.esenta.de\/?post_type=product&#038;p=687"},"modified":"2026-03-25T23:27:52","modified_gmt":"2026-03-25T22:27:52","slug":"is53w-7-touch-sip-video-innenstation-zu-esenta-sias-ip-videotuersprechanlagen","status":"publish","type":"product","link":"https:\/\/b2b.esenta.de\/en\/product\/is53w-7-touch-sip-video-innenstation-zu-esenta-sias-ip-videotuersprechanlagen\/","title":{"rendered":"IS53W 7&#8243; Touch SIP Video Innenstation zu ESENTA SIAS IP Videot\u00fcrsprechanlagen"},"content":{"rendered":"<div class=\"btif roundBdCustom shadCustom\">\n<div class=\"head\"><strong>WIFI \/ SIP INNENSATATION MIT 7&#8243; TFT TOUCH DISPLAY + MECHANISCHE TASTEN F\u00dcR SIAS IP VIDEO T\u00dcRSPRECHANLAGE<\/strong><\/div>\n<div><\/div>\n<div class=\"cont\">\n<p>Die IS53W ist eine Innenstation mit 7-Zoll-Farb-Touchscreen und umfangreichen Schnittstellen.<\/p>\n<p>Diese wird haupts\u00e4chlich in Wohn- , B\u00fcrogeb\u00e4uden und anderen \u00d6ffentlichen Einrichtungen zum Empfangen von Anrufen und zur Kommunikation \u00fcber die T\u00fcrsprechanlage sowie zum Erzielen einer Fern\u00f6ffnung der T\u00fcr verwendet.<\/p>\n<p>Sie gew\u00e4hrleistet eine zuverl\u00e4ssigere und eine einfachere T\u00fcr\u00f6ffnung f\u00fcr die Benutzer und schafft so ein sicheres und komfortables Wohnumfeld.<\/p>\n<p><strong>Highlights:<\/strong><\/p>\n<p>&#8211; Stilvolles und schlichtes Design, das zu verschiedenen Einrichtungsstilen passt.<\/p>\n<p>&#8211; Kapazitiver 7\u201d Farb-Touchscreen.<\/p>\n<p>&#8211; HD-Sprachqualit\u00e4t mit integriertem 2W-Lautsprecher und akustischer<\/p>\n<p>&#8211; Echounterdr\u00fcckung (AEC).<\/p>\n<p>&#8211; Integriertes 2.4G Wi-Fi.<\/p>\n<p>&#8211; Verf\u00fcgt \u00fcber 8 Alarmeing\u00e4nge und 1 RS485-Schnittstelle.<\/p>\n<p>&#8211; Abrufen des Videostreams der IP Video-T\u00fcrsprechanlage.<\/p>\n<p>&#8211; Umfangreiche Schnittstellen um den Anforderungen verschiedener Anwendungsszenarien gerecht zu werden.<\/p>\n<p>&#8211; Unterst\u00fctzt die Onlineverwaltung und Onlineaktualisierung.<\/p>\n<\/div>\n<\/div>","protected":false},"excerpt":{"rendered":"<p>Innestation zu SIAS IP Sprechanlage<\/p>\n<p>&#8211; 7&#8243; TFT Farbdisplay<br \/>\n&#8211; Touch Screen<br \/>\n&#8211; Wi-Fi<br \/>\n&#8211; Ethernet<br \/>\n&#8211; 176x140x27mm<br \/>\n&#8211; AP-Montage<\/p>","protected":false},"featured_media":691,"template":"","meta":[],"product_brand":[],"product_cat":[19],"product_tag":[],"class_list":{"0":"post-687","1":"product","2":"type-product","3":"status-publish","4":"has-post-thumbnail","6":"product_cat-innenstationen","8":"first","9":"instock","10":"taxable","11":"shipping-taxable","12":"purchasable","13":"product-type-simple"},"_links":{"self":[{"href":"https:\/\/b2b.esenta.de\/en\/wp-json\/wp\/v2\/product\/687","targetHints":{"allow":["GET"]}}],"collection":[{"href":"https:\/\/b2b.esenta.de\/en\/wp-json\/wp\/v2\/product"}],"about":[{"href":"https:\/\/b2b.esenta.de\/en\/wp-json\/wp\/v2\/types\/product"}],"wp:featuredmedia":[{"embeddable":true,"href":"https:\/\/b2b.esenta.de\/en\/wp-json\/wp\/v2\/media\/691"}],"wp:attachment":[{"href":"https:\/\/b2b.esenta.de\/en\/wp-json\/wp\/v2\/media?parent=687"}],"wp:term":[{"taxonomy":"product_brand","embeddable":true,"href":"https:\/\/b2b.esenta.de\/en\/wp-json\/wp\/v2\/product_brand?post=687"},{"taxonomy":"product_cat","embeddable":true,"href":"https:\/\/b2b.esenta.de\/en\/wp-json\/wp\/v2\/product_cat?post=687"},{"taxonomy":"product_tag","embeddable":true,"href":"https:\/\/b2b.esenta.de\/en\/wp-json\/wp\/v2\/product_tag?post=687"}],"curies":[{"name":"wp","href":"https:\/\/api.w.org\/{rel}","templated":true}]}}