{"id":784,"date":"2024-04-14T21:08:51","date_gmt":"2024-04-14T19:08:51","guid":{"rendered":"https:\/\/b2b.esenta.de\/?post_type=product&#038;p=784"},"modified":"2026-03-25T23:10:21","modified_gmt":"2026-03-25T22:10:21","slug":"es-ag2-9017","status":"publish","type":"product","link":"https:\/\/b2b.esenta.de\/en\/product\/es-ag2-9017\/","title":{"rendered":"ES-AG2-9017 METALL AUFPUTZGEH\u00c4USE SCHWARZ ZU SI-AS1000 \/ SI1000"},"content":{"rendered":"<div class=\"cont\">\n<p>Dank diesem Aufputzgeh\u00e4use k\u00f6nnen die ESENTA\u00a0 SIAS Au\u00dfenstationen ohne das Aufstemmen der Wandoberfl\u00e4che montiert werden.<\/p>\n<p>Um eine lange Haltbarkeit zu gew\u00e4hrleisten wird das Geh\u00e4use aus Metall hergestellt und anschlie\u00dfend pulverbeschichtet.<\/p>\n<p>Das Aufputzgeh\u00e4use wird durch die vorhandene Lochung mittels Schrauben auf dem Untergrund befestigt.<\/p>\n<\/div>","protected":false},"excerpt":{"rendered":"<p>TECHNISCHE MERKMALE<br \/>\n&#8211; Edelstahl Aufputzgeh\u00e4use<br \/>\n&#8211; Anthrazit (Pulverbeschichtet)<\/p>","protected":false},"featured_media":882,"template":"","meta":[],"product_brand":[],"product_cat":[20],"product_tag":[],"class_list":{"0":"post-784","1":"product","2":"type-product","3":"status-publish","4":"has-post-thumbnail","6":"product_cat-zubehoer","8":"first","9":"instock","10":"taxable","11":"shipping-taxable","12":"purchasable","13":"product-type-simple"},"_links":{"self":[{"href":"https:\/\/b2b.esenta.de\/en\/wp-json\/wp\/v2\/product\/784","targetHints":{"allow":["GET"]}}],"collection":[{"href":"https:\/\/b2b.esenta.de\/en\/wp-json\/wp\/v2\/product"}],"about":[{"href":"https:\/\/b2b.esenta.de\/en\/wp-json\/wp\/v2\/types\/product"}],"wp:featuredmedia":[{"embeddable":true,"href":"https:\/\/b2b.esenta.de\/en\/wp-json\/wp\/v2\/media\/882"}],"wp:attachment":[{"href":"https:\/\/b2b.esenta.de\/en\/wp-json\/wp\/v2\/media?parent=784"}],"wp:term":[{"taxonomy":"product_brand","embeddable":true,"href":"https:\/\/b2b.esenta.de\/en\/wp-json\/wp\/v2\/product_brand?post=784"},{"taxonomy":"product_cat","embeddable":true,"href":"https:\/\/b2b.esenta.de\/en\/wp-json\/wp\/v2\/product_cat?post=784"},{"taxonomy":"product_tag","embeddable":true,"href":"https:\/\/b2b.esenta.de\/en\/wp-json\/wp\/v2\/product_tag?post=784"}],"curies":[{"name":"wp","href":"https:\/\/api.w.org\/{rel}","templated":true}]}}