{"id":870,"date":"2025-03-14T01:11:15","date_gmt":"2025-03-14T00:11:15","guid":{"rendered":"https:\/\/b2b.esenta.de\/?post_type=product&#038;p=870"},"modified":"2026-03-25T23:26:18","modified_gmt":"2026-03-25T22:26:18","slug":"poe1000v1-poe-adapter-fuer-esenta-aussenstationen","status":"publish","type":"product","link":"https:\/\/b2b.esenta.de\/en\/product\/poe1000v1-poe-adapter-fuer-esenta-aussenstationen\/","title":{"rendered":"ESENTA POE Adapter f\u00fcr ESENTA Au\u00dfenstationen"},"content":{"rendered":"<p>Der ESENTA POE1000V1 Adapter erm\u00f6glicht den Anschluss und die Stromversorgung der ESENTA Au\u00dfenstation (ohne HUB) \u00fcber Power over Ethernet (PoE).<\/p>","protected":false},"excerpt":{"rendered":"<p>Der ESENTA POE1000V1 Adapter erm\u00f6glicht den Anschluss und die Stromversorgung der ESENTA Au\u00dfenstation (ohne HUB) \u00fcber Power over Ethernet (PoE).<\/p>\n<p>&nbsp;<\/p>","protected":false},"featured_media":871,"template":"","meta":[],"product_brand":[],"product_cat":[20],"product_tag":[],"class_list":{"0":"post-870","1":"product","2":"type-product","3":"status-publish","4":"has-post-thumbnail","6":"product_cat-zubehoer","8":"first","9":"instock","10":"taxable","11":"shipping-taxable","12":"purchasable","13":"product-type-simple"},"_links":{"self":[{"href":"https:\/\/b2b.esenta.de\/en\/wp-json\/wp\/v2\/product\/870","targetHints":{"allow":["GET"]}}],"collection":[{"href":"https:\/\/b2b.esenta.de\/en\/wp-json\/wp\/v2\/product"}],"about":[{"href":"https:\/\/b2b.esenta.de\/en\/wp-json\/wp\/v2\/types\/product"}],"wp:featuredmedia":[{"embeddable":true,"href":"https:\/\/b2b.esenta.de\/en\/wp-json\/wp\/v2\/media\/871"}],"wp:attachment":[{"href":"https:\/\/b2b.esenta.de\/en\/wp-json\/wp\/v2\/media?parent=870"}],"wp:term":[{"taxonomy":"product_brand","embeddable":true,"href":"https:\/\/b2b.esenta.de\/en\/wp-json\/wp\/v2\/product_brand?post=870"},{"taxonomy":"product_cat","embeddable":true,"href":"https:\/\/b2b.esenta.de\/en\/wp-json\/wp\/v2\/product_cat?post=870"},{"taxonomy":"product_tag","embeddable":true,"href":"https:\/\/b2b.esenta.de\/en\/wp-json\/wp\/v2\/product_tag?post=870"}],"curies":[{"name":"wp","href":"https:\/\/api.w.org\/{rel}","templated":true}]}}