{"id":904,"date":"2026-02-01T21:31:20","date_gmt":"2026-02-01T20:31:20","guid":{"rendered":"https:\/\/b2b.esenta.de\/?post_type=product&#038;p=904"},"modified":"2026-03-25T23:07:48","modified_gmt":"2026-03-25T22:07:48","slug":"mifare-desfire-ev3-transponder-schluesselanhaenger-1356-mhz-schwarz","status":"publish","type":"product","link":"https:\/\/b2b.esenta.de\/en\/product\/mifare-desfire-ev3-transponder-schluesselanhaenger-1356-mhz-schwarz\/","title":{"rendered":"MIFARE DESFIRE EV3 Transponder Schl\u00fcsselanh\u00e4nger 13,56 MHz Schwarz"},"content":{"rendered":"<p>Bei den kontaktlosen Mifare Desfire EV3 Transponder in Karten- oder Schl\u00fcsselanh\u00e4nger-Form, handelt es sich um Datentr\u00e4ger bei denen die Daten\u00fcbertragung kontaktlos erfolgt.<br \/>\nDie Basis ist ein Chip, der mit einer Antenne verbunden ist. Ein elektromagnetisches Feld erzeugt durch die Antenne des Transponders die Energie, die f\u00fcr das Lesen, Speichern und Senden von Informationen ben\u00f6tigt wird.<\/p>\n<p>Diese Transponder bieten viele Vorteile auf Grund ihrer nicht ben\u00f6tigten physischen Verbindung mit dem Leseger\u00e4t. Die Kommunikation wird durch das elektro-magnetische Feld zwischen der kontaktlosen Karte und dem Leser durchgef\u00fchrt. Sie sind unempfindlich gegen Schmutz und Feuchtigkeit und verf\u00fcgen somit \u00fcber eine lange Lebensdauer.<br \/>\nTechnische Details zur der Au\u00dfenstation finden Sie unter dem TAB &#8222;Technische Daten&#8220; oberhalb der Artikelbeschreibung.<\/p>","protected":false},"excerpt":{"rendered":"<p>TECHNISCHE MERKMALE<br \/>\n&#8211; Schl\u00fcsselanh\u00e4nger<br \/>\n&#8211; DESFIRE EV3 13,56 MHz<br \/>\n&#8211; Schwarz<\/p>","protected":false},"featured_media":332,"template":"","meta":[],"product_brand":[],"product_cat":[20],"product_tag":[],"class_list":{"0":"post-904","1":"product","2":"type-product","3":"status-publish","4":"has-post-thumbnail","6":"product_cat-zubehoer","8":"first","9":"instock","10":"taxable","11":"shipping-taxable","12":"purchasable","13":"product-type-simple"},"_links":{"self":[{"href":"https:\/\/b2b.esenta.de\/en\/wp-json\/wp\/v2\/product\/904","targetHints":{"allow":["GET"]}}],"collection":[{"href":"https:\/\/b2b.esenta.de\/en\/wp-json\/wp\/v2\/product"}],"about":[{"href":"https:\/\/b2b.esenta.de\/en\/wp-json\/wp\/v2\/types\/product"}],"wp:featuredmedia":[{"embeddable":true,"href":"https:\/\/b2b.esenta.de\/en\/wp-json\/wp\/v2\/media\/332"}],"wp:attachment":[{"href":"https:\/\/b2b.esenta.de\/en\/wp-json\/wp\/v2\/media?parent=904"}],"wp:term":[{"taxonomy":"product_brand","embeddable":true,"href":"https:\/\/b2b.esenta.de\/en\/wp-json\/wp\/v2\/product_brand?post=904"},{"taxonomy":"product_cat","embeddable":true,"href":"https:\/\/b2b.esenta.de\/en\/wp-json\/wp\/v2\/product_cat?post=904"},{"taxonomy":"product_tag","embeddable":true,"href":"https:\/\/b2b.esenta.de\/en\/wp-json\/wp\/v2\/product_tag?post=904"}],"curies":[{"name":"wp","href":"https:\/\/api.w.org\/{rel}","templated":true}]}}